{"id":25849652,"date":"2026-04-27T14:13:32","date_gmt":"2026-04-27T12:13:32","guid":{"rendered":"https:\/\/webseite-wordpress-app-dkgmexb0h2fqfua6.germanywestcentral-01.azurewebsites.net\/?page_id=25849652"},"modified":"2026-04-30T15:20:29","modified_gmt":"2026-04-30T13:20:29","slug":"informatico-profesional","status":"publish","type":"page","link":"https:\/\/www.rimerit.com\/es\/karriere\/fachinformatiker\/","title":{"rendered":"Inform\u00e1tico especializado (m\/h\/d)"},"content":{"rendered":"<p>[et_pb_section fb_built=&#8220;1&#8243; _builder_version=&#8220;4.27.6&#8243; _module_preset=&#8220;default&#8220; custom_margin=&#8220;|20px||20px|false|true&#8220; custom_margin_tablet=&#8220;|20px||20px|false|true&#8220; custom_margin_phone=&#8220;|10px||10px|false|true&#8220; custom_margin_last_edited=&#8220;on|phone&#8220; custom_padding=&#8220;|||0px|false|false&#8220; border_radii=&#8220;on|20px|20px|20px|20px&#8220; global_colors_info=&#8220;{}&#8220;][et_pb_row _builder_version=&#8220;4.27.6&#8243; _module_preset=&#8220;default&#8220; width=&#8220;90%&#8220; max_width=&#8220;1360px&#8220; global_colors_info=&#8220;{}&#8220;][et_pb_column type=&#8220;4_4&#8243; _builder_version=&#8220;4.27.6&#8243; _module_preset=&#8220;default&#8220; global_colors_info=&#8220;{}&#8220;][et_pb_text _builder_version=&#8220;4.27.6&#8243; _module_preset=&#8220;default&#8220; header_font=&#8220;Manrope||||||||&#8220; header_2_font=&#8220;Manrope|600|||||||&#8220; header_2_text_align=&#8220;left&#8220; header_2_text_color=&#8220;#071018&#8243; header_2_font_size=&#8220;36px&#8220; header_2_letter_spacing=&#8220;-0.5px&#8220; header_2_line_height=&#8220;1.2em&#8220; text_orientation=&#8220;center&#8220; width=&#8220;100%&#8220; width_tablet=&#8220;520px&#8220; width_phone=&#8220;100%&#8220; width_last_edited=&#8220;on|phone&#8220; module_alignment=&#8220;center&#8220; custom_margin=&#8220;0px||0px||false|false&#8220; custom_padding=&#8220;|0px||||&#8220; header_text_align_tablet=&#8220;left&#8220; header_text_align_phone=&#8220;left&#8220; header_text_align_last_edited=&#8220;on|tablet&#8220; header_2_text_align_tablet=&#8220;left&#8220; header_2_text_align_phone=&#8220;left&#8220; header_2_text_align_last_edited=&#8220;on|tablet&#8220; header_2_font_size_tablet=&#8220;40px&#8220; header_2_font_size_phone=&#8220;30px&#8220; header_2_font_size_last_edited=&#8220;on|phone&#8220; header_2_letter_spacing_tablet=&#8220;-1.5px&#8220; header_2_letter_spacing_phone=&#8220;-1px&#8220; header_2_letter_spacing_last_edited=&#8220;on|phone&#8220; header_2_line_height_tablet=&#8220;1.2em&#8220; header_2_line_height_phone=&#8220;1.2em&#8220; header_2_line_height_last_edited=&#8220;on|phone&#8220; text_orientation_tablet=&#8220;left&#8220; text_orientation_phone=&#8220;left&#8220; text_orientation_last_edited=&#8220;on|phone&#8220; module_alignment_tablet=&#8220;center&#8220; module_alignment_phone=&#8220;center&#8220; module_alignment_last_edited=&#8220;on|tablet&#8220; locked=&#8220;off&#8220; global_colors_info=&#8220;{}&#8220;]<\/p>\n<h2><span><span style=\"background: linear-gradient(90deg, #6C73B9 0%, #7C83C9 50%, #8F96D8 100%); -webkit-background-clip: text; background-clip: text; -webkit-text-fill-color: transparent;\">Fachinformatiker <\/span><\/span>(m\/w\/d)<\/h2>\n<p>[\/et_pb_text][et_pb_text _builder_version=&#8220;4.27.6&#8243; _module_preset=&#8220;default&#8220; text_font=&#8220;Manrope||||||||&#8220; text_text_color=&#8220;#071018&#8243; text_font_size=&#8220;17px&#8220; text_line_height=&#8220;1.65em&#8220; header_text_color=&#8220;#FFFFFF&#8220; background_layout=&#8220;dark&#8220; width=&#8220;950px&#8220; width_tablet=&#8220;950px&#8220; width_phone=&#8220;100%&#8220; width_last_edited=&#8220;on|phone&#8220; max_width_tablet=&#8220;600px&#8220; max_width_phone=&#8220;600px&#8220; max_width_last_edited=&#8220;on|desktop&#8220; module_alignment=&#8220;left&#8220; custom_margin=&#8220;-20px||0px||false|false&#8220; custom_padding=&#8220;20px||0px||false|false&#8220; text_font_size_tablet=&#8220;18px&#8220; text_font_size_phone=&#8220;16px&#8220; text_font_size_last_edited=&#8220;on|phone&#8220; text_orientation_tablet=&#8220;left&#8220; text_orientation_phone=&#8220;left&#8220; text_orientation_last_edited=&#8220;on|phone&#8220; locked=&#8220;off&#8220; global_colors_info=&#8220;{}&#8220;]<\/p>\n<div class=\"career-card-item\">\n<ul>\n<li class=\"text light-dark\">Essen R\u00fcttenscheid<\/li>\n<li class=\"text light-dark\">ab sofort<\/li>\n<li class=\"text light-dark\">Vollzeit<\/li>\n<\/ul>\n<\/div>\n<p>[\/et_pb_text][\/et_pb_column][\/et_pb_row][\/et_pb_section][et_pb_section fb_built=&#8220;1&#8243; module_id=&#8220;vorteile&#8220; _builder_version=&#8220;4.27.6&#8243; _module_preset=&#8220;default&#8220; custom_margin=&#8220;20px|20px||20px|false|true&#8220; custom_margin_tablet=&#8220;20px|20px||20px|false|true&#8220; custom_margin_phone=&#8220;20px|10px||10px|false|true&#8220; custom_margin_last_edited=&#8220;on|phone&#8220; custom_padding=&#8220;|||0px|false|false&#8220; border_radii=&#8220;on|20px|20px|20px|20px&#8220; global_colors_info=&#8220;{}&#8220;][et_pb_row use_custom_gutter=&#8220;on&#8220; gutter_width=&#8220;2&#8243; make_equal=&#8220;on&#8220; _builder_version=&#8220;4.27.6&#8243; _module_preset=&#8220;default&#8220; background_enable_color=&#8220;off&#8220; width=&#8220;90%&#8220; max_width=&#8220;1360px&#8220; max_width_tablet=&#8220;1360px&#8220; max_width_phone=&#8220;1360px&#8220; max_width_last_edited=&#8220;on|phone&#8220; height=&#8220;250px&#8220; height_tablet=&#8220;&#8220; height_phone=&#8220;&#8220; height_last_edited=&#8220;on|phone&#8220; custom_margin=&#8220;0px||||false|false&#8220; custom_margin_tablet=&#8220;-15px||||false|false&#8220; custom_margin_phone=&#8220;-15px||||false|false&#8220; custom_margin_last_edited=&#8220;on|phone&#8220; custom_padding=&#8220;0px||||false|false&#8220; global_colors_info=&#8220;{}&#8220; use_background_color_gradient__hover=&#8220;on&#8220; background_color_gradient_stops__hover=&#8220;#2a323b 0%|#2a323b 99%&#8220; background__hover_enabled=&#8220;off|desktop&#8220;][et_pb_column type=&#8220;4_4&#8243; _builder_version=&#8220;4.27.6&#8243; _module_preset=&#8220;default&#8220; background_color=&#8220;#e7e7f3&#8243; custom_padding=&#8220;20px||20px||false|false&#8220; custom_css_main_element=&#8220;cursor:pointer;&#8220; border_radii=&#8220;on|8px|8px|8px|8px&#8220; global_colors_info=&#8220;{}&#8220; background__hover_enabled=&#8220;off|desktop&#8220;][et_pb_text _builder_version=&#8220;4.27.6&#8243; _module_preset=&#8220;default&#8220; text_font=&#8220;Manrope||||||||&#8220; text_text_color=&#8220;#071018&#8243; text_font_size=&#8220;17px&#8220; text_line_height=&#8220;1.6em&#8220; header_font=&#8220;Manrope||||||||&#8220; header_text_color=&#8220;#071018&#8243; header_3_text_color=&#8220;#071018&#8243; header_3_line_height=&#8220;1.3em&#8220; header_4_font=&#8220;|600|||||||&#8220; header_4_font_size=&#8220;22px&#8220; header_4_line_height=&#8220;1.2em&#8220; positioning=&#8220;absolute&#8220; position_origin_a=&#8220;center_left&#8220; position_origin_a_tablet=&#8220;center_left&#8220; position_origin_a_phone=&#8220;center_left&#8220; position_origin_a_last_edited=&#8220;on|desktop&#8220; position_origin_f_tablet=&#8220;&#8220; position_origin_f_phone=&#8220;&#8220; position_origin_f_last_edited=&#8220;on|desktop&#8220; position_origin_r_tablet=&#8220;&#8220; position_origin_r_phone=&#8220;&#8220; position_origin_r_last_edited=&#8220;on|desktop&#8220; background_layout=&#8220;dark&#8220; width=&#8220;100%&#8220; custom_margin=&#8220;10px||10px||false|false&#8220; custom_padding=&#8220;|20px||20px|false|false&#8220; custom_padding_tablet=&#8220;|||20px|false|false&#8220; custom_padding_phone=&#8220;|||20px|false|false&#8220; custom_padding_last_edited=&#8220;on|desktop&#8220; hover_enabled=&#8220;0&#8243; text_font_size_tablet=&#8220;18px&#8220; text_font_size_phone=&#8220;16px&#8220; text_font_size_last_edited=&#8220;on|phone&#8220; positioning_tablet=&#8220;none&#8220; positioning_phone=&#8220;none&#8220; positioning_last_edited=&#8220;on|desktop&#8220; global_colors_info=&#8220;{}&#8220; sticky_enabled=&#8220;0&#8243;]<\/p>\n<div class=\"text grey-light-dark\">\n<h3><strong>Deine Aufgaben:<\/strong><\/h3>\n<div class=\"career-card-item\">\n<ul>\n<li class=\"text light-dark\">T-Support f\u00fcr Kunden bei allt\u00e4glichen IT-Problemen<\/li>\n<li class=\"text light-dark\">Benutzerverwaltung, Drucker- und Softwareinstallationen<\/li>\n<li class=\"text light-dark\">Administration der Microsoft 365-Umgebung<\/li>\n<li class=\"text light-dark\">Zertifikats- und Lizenzmanagement<\/li>\n<\/ul>\n<\/div>\n<\/div>\n<p>[\/et_pb_text][\/et_pb_column][\/et_pb_row][et_pb_row use_custom_gutter=&#8220;on&#8220; gutter_width=&#8220;2&#8243; make_equal=&#8220;on&#8220; _builder_version=&#8220;4.27.6&#8243; _module_preset=&#8220;default&#8220; background_enable_color=&#8220;off&#8220; width=&#8220;90%&#8220; max_width=&#8220;1360px&#8220; height=&#8220;250px&#8220; height_tablet=&#8220;&#8220; height_phone=&#8220;&#8220; height_last_edited=&#8220;on|phone&#8220; custom_margin=&#8220;0px||||false|false&#8220; custom_margin_tablet=&#8220;-15px||||false|false&#8220; custom_margin_phone=&#8220;-15px||0px||false|false&#8220; custom_margin_last_edited=&#8220;on|phone&#8220; custom_padding=&#8220;0px||||false|false&#8220; global_colors_info=&#8220;{}&#8220; use_background_color_gradient__hover=&#8220;on&#8220; background_color_gradient_stops__hover=&#8220;#2a323b 0%|#2a323b 99%&#8220; background__hover_enabled=&#8220;off|desktop&#8220;][et_pb_column type=&#8220;4_4&#8243; _builder_version=&#8220;4.27.6&#8243; _module_preset=&#8220;default&#8220; background_color=&#8220;#e7e7f3&#8243; custom_padding=&#8220;20px||20px||false|false&#8220; custom_css_main_element=&#8220;cursor:pointer;&#8220; border_radii=&#8220;on|8px|8px|8px|8px&#8220; global_colors_info=&#8220;{}&#8220; background__hover_enabled=&#8220;off|desktop&#8220;][et_pb_text _builder_version=&#8220;4.27.6&#8243; _module_preset=&#8220;default&#8220; text_font=&#8220;Manrope||||||||&#8220; text_text_color=&#8220;#071018&#8243; text_font_size=&#8220;17px&#8220; text_line_height=&#8220;1.6em&#8220; header_font=&#8220;Manrope||||||||&#8220; header_text_color=&#8220;#071018&#8243; header_3_text_color=&#8220;#071018&#8243; header_3_line_height=&#8220;1.3em&#8220; header_4_font=&#8220;|600|||||||&#8220; header_4_font_size=&#8220;22px&#8220; header_4_line_height=&#8220;1.2em&#8220; positioning=&#8220;absolute&#8220; position_origin_a=&#8220;center_left&#8220; position_origin_a_tablet=&#8220;center_left&#8220; position_origin_a_phone=&#8220;center_left&#8220; position_origin_a_last_edited=&#8220;on|desktop&#8220; position_origin_f_tablet=&#8220;&#8220; position_origin_f_phone=&#8220;&#8220; position_origin_f_last_edited=&#8220;on|desktop&#8220; position_origin_r_tablet=&#8220;&#8220; position_origin_r_phone=&#8220;&#8220; position_origin_r_last_edited=&#8220;on|desktop&#8220; background_layout=&#8220;dark&#8220; width=&#8220;100%&#8220; custom_margin=&#8220;10px||10px||false|false&#8220; custom_padding=&#8220;|20px||20px|false|false&#8220; custom_padding_tablet=&#8220;|||20px|false|false&#8220; custom_padding_phone=&#8220;|||20px|false|false&#8220; custom_padding_last_edited=&#8220;on|desktop&#8220; text_font_size_tablet=&#8220;18px&#8220; text_font_size_phone=&#8220;16px&#8220; text_font_size_last_edited=&#8220;on|phone&#8220; positioning_tablet=&#8220;none&#8220; positioning_phone=&#8220;none&#8220; positioning_last_edited=&#8220;on|desktop&#8220; global_colors_info=&#8220;{}&#8220;]<\/p>\n<div class=\"text grey-light-dark\">\n<h3><strong>Das bringst du mit:<\/strong><\/h3>\n<div class=\"career-card-item\">\n<div class=\"career-card-item\">\n<ul>\n<li class=\"text light-dark\">Ausbildung zum Fachinformatiker oder Quereinsteiger mit Erfahrung<\/li>\n<li class=\"text light-dark\">Sehr gute Deutsch- und Englischkenntnisse<\/li>\n<li class=\"text light-dark\">Erfahrung mit Veeam, AvePoint, Microsoft-Zertifizierungen (Azure, M365, Security)<\/li>\n<li class=\"text light-dark\">F\u00fchrerschein Klasse B und eigener PKW<\/li>\n<\/ul>\n<\/div>\n<\/div>\n<\/div>\n<p>[\/et_pb_text][\/et_pb_column][\/et_pb_row][et_pb_row use_custom_gutter=&#8220;on&#8220; gutter_width=&#8220;2&#8243; make_equal=&#8220;on&#8220; _builder_version=&#8220;4.27.6&#8243; _module_preset=&#8220;default&#8220; background_enable_color=&#8220;off&#8220; position_origin_a_tablet=&#8220;&#8220; position_origin_a_phone=&#8220;&#8220; position_origin_a_last_edited=&#8220;on|tablet&#8220; position_origin_f_tablet=&#8220;&#8220; position_origin_f_phone=&#8220;&#8220; position_origin_f_last_edited=&#8220;on|tablet&#8220; position_origin_r_tablet=&#8220;&#8220; position_origin_r_phone=&#8220;&#8220; position_origin_r_last_edited=&#8220;on|tablet&#8220; width=&#8220;90%&#8220; max_width=&#8220;1360px&#8220; height=&#8220;300px&#8220; height_tablet=&#8220;223px&#8220; height_phone=&#8220;&#8220; height_last_edited=&#8220;on|phone&#8220; custom_margin=&#8220;0px||||false|false&#8220; custom_margin_tablet=&#8220;-15px||||false|false&#8220; custom_margin_phone=&#8220;-15px||||false|false&#8220; custom_margin_last_edited=&#8220;on|phone&#8220; custom_padding=&#8220;0px||||false|false&#8220; positioning_tablet=&#8220;none&#8220; positioning_phone=&#8220;none&#8220; positioning_last_edited=&#8220;on|tablet&#8220; global_colors_info=&#8220;{}&#8220; use_background_color_gradient__hover=&#8220;on&#8220; background_color_gradient_stops__hover=&#8220;#2a323b 0%|#2a323b 99%&#8220; background__hover_enabled=&#8220;off|desktop&#8220;][et_pb_column type=&#8220;4_4&#8243; _builder_version=&#8220;4.27.6&#8243; _module_preset=&#8220;default&#8220; background_color=&#8220;#e7e7f3&#8243; custom_padding=&#8220;20px||20px||false|false&#8220; custom_css_main_element=&#8220;cursor:pointer;&#8220; border_radii=&#8220;on|8px|8px|8px|8px&#8220; global_colors_info=&#8220;{}&#8220; background__hover_enabled=&#8220;off|desktop&#8220;][et_pb_text _builder_version=&#8220;4.27.6&#8243; _module_preset=&#8220;default&#8220; text_font=&#8220;Manrope||||||||&#8220; text_text_color=&#8220;#071018&#8243; text_font_size=&#8220;17px&#8220; text_line_height=&#8220;1.6em&#8220; header_font=&#8220;Manrope||||||||&#8220; header_text_color=&#8220;#071018&#8243; header_3_text_color=&#8220;#071018&#8243; header_3_line_height=&#8220;1.3em&#8220; header_4_font=&#8220;|600|||||||&#8220; header_4_font_size=&#8220;22px&#8220; header_4_line_height=&#8220;1.2em&#8220; positioning=&#8220;absolute&#8220; position_origin_a=&#8220;center_left&#8220; position_origin_a_tablet=&#8220;center_left&#8220; position_origin_a_phone=&#8220;center_left&#8220; position_origin_a_last_edited=&#8220;on|desktop&#8220; position_origin_f_tablet=&#8220;&#8220; position_origin_f_phone=&#8220;&#8220; position_origin_f_last_edited=&#8220;on|desktop&#8220; position_origin_r_tablet=&#8220;&#8220; position_origin_r_phone=&#8220;&#8220; position_origin_r_last_edited=&#8220;on|desktop&#8220; background_layout=&#8220;dark&#8220; width=&#8220;100%&#8220; custom_margin=&#8220;10px||10px||false|false&#8220; custom_padding=&#8220;|20px||20px|false|false&#8220; custom_padding_tablet=&#8220;|||20px|false|false&#8220; custom_padding_phone=&#8220;|||20px|false|false&#8220; custom_padding_last_edited=&#8220;on|desktop&#8220; text_font_size_tablet=&#8220;18px&#8220; text_font_size_phone=&#8220;16px&#8220; text_font_size_last_edited=&#8220;on|phone&#8220; positioning_tablet=&#8220;none&#8220; positioning_phone=&#8220;none&#8220; positioning_last_edited=&#8220;on|desktop&#8220; global_colors_info=&#8220;{}&#8220;]<\/p>\n<div class=\"text grey-light-dark\">\n<h3><strong>Das bieten wir dir:<\/strong><\/h3>\n<div class=\"career-card-item\">\n<div class=\"career-card-item\">\n<div class=\"career-card-item\">\n<ul>\n<li class=\"text light-dark\">Ein modernes, wachsendes IT-Unternehmen mit flachen Hierarchien mit echter Hands-on-Mentalit\u00e4t<\/li>\n<li class=\"text light-dark\">Moderne Arbeitspl\u00e4tze und ein motiviertes Team<\/li>\n<li class=\"text light-dark\">Unterst\u00fctzung durch ein starkes Technik- und Projektteam<\/li>\n<li class=\"text light-dark\">Flexible Arbeitszeiten und Home-Office-Optionen<\/li>\n<li class=\"text light-dark\">Ein motiviertes Team, das Daten liebt und sie sinnvoll nutzt<\/li>\n<\/ul>\n<\/div>\n<\/div>\n<\/div>\n<\/div>\n<p>[\/et_pb_text][\/et_pb_column][\/et_pb_row][et_pb_row custom_padding_last_edited=&#8220;on|phone&#8220; _builder_version=&#8220;4.27.6&#8243; _module_preset=&#8220;default&#8220; custom_margin_tablet=&#8220;&#8220; custom_margin_phone=&#8220;-15px||||false|false&#8220; custom_margin_last_edited=&#8220;on|phone&#8220; custom_padding_tablet=&#8220;&#8220; custom_padding_phone=&#8220;0px||0px||false|false&#8220; global_colors_info=&#8220;{}&#8220;][et_pb_column type=&#8220;4_4&#8243; _builder_version=&#8220;4.27.6&#8243; _module_preset=&#8220;default&#8220; global_colors_info=&#8220;{}&#8220;][dipi_button_grid flex_direction=&#8220;row&#8220; justify_content=&#8220;flex-start&#8220; _builder_version=&#8220;4.27.6&#8243; _module_preset=&#8220;default&#8220; positioning=&#8220;absolute&#8220; position_origin_a=&#8220;bottom_left&#8220; position_origin_a_tablet=&#8220;bottom_left&#8220; position_origin_a_phone=&#8220;bottom_left&#8220; position_origin_a_last_edited=&#8220;on|phone&#8220; position_origin_f_tablet=&#8220;&#8220; position_origin_f_phone=&#8220;&#8220; position_origin_f_last_edited=&#8220;on|phone&#8220; position_origin_r_tablet=&#8220;&#8220; position_origin_r_phone=&#8220;&#8220; position_origin_r_last_edited=&#8220;on|phone&#8220; width=&#8220;100%&#8220; custom_margin=&#8220;42px||-25px|30px|false|false&#8220; custom_margin_tablet=&#8220;25px||20px||false|false&#8220; custom_margin_phone=&#8220;20px|||-83px|false|false&#8220; custom_margin_last_edited=&#8220;on|tablet&#8220; custom_padding=&#8220;2px||1px||false|false&#8220; positioning_tablet=&#8220;none&#8220; positioning_phone=&#8220;none&#8220; positioning_last_edited=&#8220;on|tablet&#8220; global_colors_info=&#8220;{}&#8220;][dipi_button_grid_child button_type=&#8220;dp_button&#8220; button_text=&#8220;Jetzt bewerben&#8220; button_link=&#8220;mailto:bewerbungen@rimerit.com?subject=Bewerbung%20als%20Fachinformatiker%20(m%2Fw%2Fd)&#8220; button_link_target=&#8220;off&#8220; _builder_version=&#8220;4.27.6&#8243; _module_preset=&#8220;default&#8220; text_style_font=&#8220;Manrope||||||||&#8220; text_style_font_size=&#8220;18px&#8220; background_enable_color=&#8220;off&#8220; custom_button=&#8220;on&#8220; button_text_size=&#8220;18px&#8220; button_text_color=&#8220;#151E27&#8243; button_bg_color=&#8220;#B8B8F7&#8243; button_border_width=&#8220;1px&#8220; button_border_color=&#8220;#b8b8f6&#8243; button_border_radius=&#8220;8px&#8220; button_font=&#8220;Manrope||||||||&#8220; button_icon=&#8220;&#x26;||divi||400&#8243; button_on_hover=&#8220;off&#8220; button_custom_padding=&#8220;8px||9px||false|false&#8220; width=&#8220;100%&#8220; max_width_tablet=&#8220;&#8220; max_width_phone=&#8220;90%&#8220; max_width_last_edited=&#8220;on|phone&#8220; custom_margin_tablet=&#8220;&#8220; custom_margin_phone=&#8220;&#8220; custom_margin_last_edited=&#8220;on|phone&#8220; custom_padding=&#8220;||||false|false&#8220; custom_padding_tablet=&#8220;||||false|false&#8220; custom_padding_phone=&#8220;|||60px|false|false&#8220; custom_padding_last_edited=&#8220;on|phone&#8220; custom_css_main_element=&#8220;cursor: pointer;&#8220; global_colors_info=&#8220;{}&#8220; button_bg_color__hover_enabled=&#8220;on|hover&#8220; button_bg_color__hover=&#8220;#6767C9&#8243; button_bg_enable_color__hover=&#8220;on&#8220; button_border_color__hover_enabled=&#8220;on|desktop&#8220; button_border_color__hover=&#8220;#6767C9&#8243;][\/dipi_button_grid_child][\/dipi_button_grid][\/et_pb_column][\/et_pb_row][\/et_pb_section]<\/p>\n","protected":false},"excerpt":{"rendered":"<p>Fachinformatiker (m\/w\/d) Essen R\u00fcttenscheid ab sofort Vollzeit Deine Aufgaben: T-Support f\u00fcr Kunden bei allt\u00e4glichen IT-Problemen Benutzerverwaltung, Drucker- und Softwareinstallationen Administration der Microsoft 365-Umgebung Zertifikats- und Lizenzmanagement Das bringst du mit: Ausbildung zum Fachinformatiker oder Quereinsteiger mit Erfahrung Sehr gute Deutsch- und Englischkenntnisse Erfahrung mit Veeam, AvePoint, Microsoft-Zertifizierungen (Azure, M365, Security) F\u00fchrerschein Klasse B und eigener [&hellip;]<\/p>\n","protected":false},"author":2,"featured_media":0,"parent":25849065,"menu_order":0,"comment_status":"closed","ping_status":"closed","template":"","meta":{"_et_pb_use_builder":"on","_et_pb_old_content":"<!-- wp:divi\/placeholder \/-->","_et_gb_content_width":"","footnotes":""},"dipi_cpt_category":[],"class_list":["post-25849652","page","type-page","status-publish","hentry"],"_links":{"self":[{"href":"https:\/\/www.rimerit.com\/es\/wp-json\/wp\/v2\/pages\/25849652","targetHints":{"allow":["GET"]}}],"collection":[{"href":"https:\/\/www.rimerit.com\/es\/wp-json\/wp\/v2\/pages"}],"about":[{"href":"https:\/\/www.rimerit.com\/es\/wp-json\/wp\/v2\/types\/page"}],"author":[{"embeddable":true,"href":"https:\/\/www.rimerit.com\/es\/wp-json\/wp\/v2\/users\/2"}],"replies":[{"embeddable":true,"href":"https:\/\/www.rimerit.com\/es\/wp-json\/wp\/v2\/comments?post=25849652"}],"version-history":[{"count":27,"href":"https:\/\/www.rimerit.com\/es\/wp-json\/wp\/v2\/pages\/25849652\/revisions"}],"predecessor-version":[{"id":25849984,"href":"https:\/\/www.rimerit.com\/es\/wp-json\/wp\/v2\/pages\/25849652\/revisions\/25849984"}],"up":[{"embeddable":true,"href":"https:\/\/www.rimerit.com\/es\/wp-json\/wp\/v2\/pages\/25849065"}],"wp:attachment":[{"href":"https:\/\/www.rimerit.com\/es\/wp-json\/wp\/v2\/media?parent=25849652"}],"wp:term":[{"taxonomy":"dipi_cpt_category","embeddable":true,"href":"https:\/\/www.rimerit.com\/es\/wp-json\/wp\/v2\/dipi_cpt_category?post=25849652"}],"curies":[{"name":"wp","href":"https:\/\/api.w.org\/{rel}","templated":true}]}}